{"id":22,"date":"2021-04-20T19:31:09","date_gmt":"2021-04-20T19:31:09","guid":{"rendered":"https:\/\/atmezot.lv\/?page_id=22"},"modified":"2021-07-13T06:34:53","modified_gmt":"2021-07-13T06:34:53","slug":"portofolio","status":"publish","type":"page","link":"https:\/\/atmezot.lv\/?page_id=22","title":{"rendered":"Pakalpojumi"},"content":{"rendered":"\t\t<div data-elementor-type=\"wp-page\" data-elementor-id=\"22\" class=\"elementor elementor-22\" data-elementor-settings=\"[]\">\n\t\t\t\t\t\t\t<div class=\"elementor-section-wrap\">\n\t\t\t\t\t\t\t<section class=\"elementor-section elementor-top-section elementor-element elementor-element-a93fbe1 elementor-section-boxed elementor-section-height-default elementor-section-height-default\" data-id=\"a93fbe1\" data-element_type=\"section\">\n\t\t\t\t\t\t<div class=\"elementor-container elementor-column-gap-default\">\n\t\t\t\t\t<div class=\"elementor-column elementor-col-100 elementor-top-column elementor-element elementor-element-5de6c48c\" data-id=\"5de6c48c\" data-element_type=\"column\">\n\t\t\t<div class=\"elementor-widget-wrap elementor-element-populated\">\n\t\t\t\t\t\t\t\t<div class=\"elementor-element elementor-element-62275ace elementor-widget elementor-widget-text-editor\" data-id=\"62275ace\" data-element_type=\"widget\" data-widget_type=\"text-editor.default\">\n\t\t\t\t<div class=\"elementor-widget-container\">\n\t\t\t\t\t\t\t<p><!-- wp:cover {\"overlayColor\":\"nv-site-bg\",\"minHeight\":300,\"align\":\"full\"} --><\/p>\n<div class=\"wp-block-cover alignfull has-nv-site-bg-background-color has-background-dim\" style=\"min-height: 300px;\">\n<div class=\"wp-block-cover__inner-container\">\n<p><!-- wp:group --><\/p>\n<div class=\"wp-block-group\">\n<div class=\"wp-block-group__inner-container\">\n<p><!-- wp:heading {\"level\":1,\"className\":\"has-text-align-left\",\"textColor\":\"neve-text-color\"} --><\/p>\n<\/div>\n<\/div>\n<div class=\"wp-block-cover alignfull has-nv-light-bg-background-color has-background-dim\" style=\"min-height: 600px;\">\n<div class=\"wp-block-cover__inner-container\">\n<div class=\"wp-block-group\">\n<div class=\"wp-block-group__inner-container\">\n<div class=\"wp-block-columns are-vertically-aligned-center\">\n<div class=\"wp-block-column is-vertically-aligned-center\" style=\"flex-basis: 50%;\">\n<figure class=\"wp-block-image \"><img loading=\"lazy\" decoding=\"async\" class=\"aligncenter wp-image-168 size-full\" src=\"https:\/\/atmezot.lv\/wp\n-\ncontent\/uploads\/2021\/04\/unnamed.jpg\" alt=\"\" width=\"512\" height=\"342\" srcset=\"https:\/\/atmezot.lv\/wp-content\/uploads\/2021\/04\/unnamed.jpg 512w, https:\/\/atmezot.lv\/wp-content\/uploads\/2021\/04\/unnamed-300x200.jpg 300w\" sizes=\"(max-width: 512px) 100vw, 512px\" \/><\/figure>\n<p><!-- \/wp:image --><\/p>\n<p><!-- wp:heading {\"textAlign\":\"center\",\"level\":3,\"textColor\":\"neve-text-color\"} --><\/p>\n<h3 class=\"has-text-align-center has-neve-text-color-color has-text-color\">Atme\u017eo\u0161anas kompens\u0113\u0161ana jeb zemes transform\u0101cijas pakalpojums<\/h3>\n<p><!-- \/wp:heading --><\/p>\n<p><!-- wp:paragraph {\"align\":\"center\",\"textColor\":\"neve-text-color\"} --><\/p>\n<p class=\"has-text-align-center has-neve-text-color-color has-text-color\">\u012apa\u0161um\u0101 eso\u0161\u0101s apme\u017eot\u0101s zemes dod iesp\u0113ju \u0161\u012bs plat\u012bbas izmantot tre\u0161o personu me\u017ea zemju atme\u017eo\u0161anai un kompens\u0101cijas ties\u012bbu nodo\u0161anai.<\/p>\n<p><!-- \/wp:paragraph --><\/p>\n<p><!-- wp:buttons {\"align\":\"center\"} --><\/p>\n<div class=\"wp-block-buttons aligncenter\">\n<p><!-- wp:button {\"className\":\"is-style-primary\"} --><\/p>\n<div class=\"wp-block-button is-style-primary\">\u00a0<\/div>\n<p><!-- \/wp:button --><\/p>\n<\/div>\n<p><!-- \/wp:buttons --><\/p>\n<p><!-- wp:spacer {\"height\":40} --><\/p>\n<div class=\"wp-block-spacer\" style=\"height: 40px;\" aria-hidden=\"true\">\u00a0<\/div>\n<p><!-- \/wp:spacer --><\/p>\n<\/div>\n<p><!-- \/wp:column --><\/p>\n<p><!-- wp:column {\"verticalAlignment\":\"center\",\"width\":\"50%\"} --><\/p>\n<div class=\"wp-block-column is-vertically-aligned-center\" style=\"flex-basis: 50%;\">\n<p><!-- wp:image {\"linkDestination\":\"none\"} --><\/p>\n<figure class=\"wp-block-image\">\u00a0<img loading=\"lazy\" decoding=\"async\" class=\"alignnone wp-image-250 size-full\" src=\"https:\/\/atmezot.lv\/wp-content\/uploads\/2021\/04\/Mernieks1.jpg\" alt=\"\" width=\"890\" height=\"575\" srcset=\"https:\/\/atmezot.lv\/wp-content\/uploads\/2021\/04\/Mernieks1.jpg 890w, https:\/\/atmezot.lv\/wp-content\/uploads\/2021\/04\/Mernieks1-300x194.jpg 300w, https:\/\/atmezot.lv\/wp-content\/uploads\/2021\/04\/Mernieks1-768x496.jpg 768w\" sizes=\"(max-width: 890px) 100vw, 890px\" \/><\/figure>\n<p><!-- \/wp:image --><\/p>\n<p><!-- wp:heading {\"textAlign\":\"center\",\"level\":3,\"textColor\":\"neve-text-color\"} --><\/p>\n<h3 class=\"has-text-align-center has-neve-text-color-color has-text-color\">M\u0113rnieka pakalpojumi<\/h3>\n<p><!-- \/wp:heading --><\/p>\n<p><!-- wp:paragraph {\"align\":\"center\",\"textColor\":\"neve-text-color\"} --><\/p>\n<p class=\"has-text-align-center has-neve-text-color-color has-text-color\">Sertific\u0113ts m\u0113rnieks veiks atme\u017eojam\u0101s da\u013cas plat\u012bbas uzm\u0113r\u012bjumus, lai Jums prec\u012bzi noteiktu, k\u0101da plat\u012bba b\u016bs kompens\u0113jama.<\/p>\n<p>\u00a0<\/p>\n<p><!-- \/wp:paragraph --><\/p>\n<p><!-- wp:buttons {\"align\":\"center\"} --><\/p>\n<div class=\"wp-block-buttons aligncenter\">\n<p><!-- wp:button {\"className\":\"is-style-primary\"} --><\/p>\n<div class=\"wp-block-button is-style-primary\">\u00a0<\/div>\n<p><!-- \/wp:button --><\/p>\n<\/div>\n<p><!-- \/wp:buttons --><\/p>\n<p><!-- wp:spacer {\"height\":40} --><\/p>\n<div class=\"wp-block-spacer\" style=\"height: 40px;\" aria-hidden=\"true\">\u00a0<\/div>\n<p><!-- \/wp:spacer --><\/p>\n<\/div>\n<p><!-- \/wp:column --><\/p>\n<\/div>\n<p><!-- \/wp:columns --><\/p>\n<p><!-- wp:spacer {\"height\":40} --><\/p>\n<div class=\"wp-block-spacer\" style=\"height: 40px;\" aria-hidden=\"true\">\u00a0<\/div>\n<p><!-- \/wp:spacer --><\/p>\n<\/div>\n<\/div>\n<p><!-- \/wp:group --><\/p>\n<\/div>\n<\/div>\n<p><!-- \/wp:cover --><\/p>\n<p><!-- wp:cover {\"overlayColor\":\"nv-site-bg\",\"minHeight\":600,\"align\":\"full\"} --><\/p>\n<div class=\"wp-block-cover alignfull has-nv-site-bg-background-color has-background-dim\" style=\"min-height: 600px;\">\n<div class=\"wp-block-cover__inner-container\">\n<p><!-- wp:group --><\/p>\n<div class=\"wp-block-group\">\n<div class=\"wp-block-group__inner-container\">\n<p><!-- wp:spacer {\"height\":80} --><\/p>\n<div class=\"wp-block-spacer\" style=\"height: 80px;\" aria-hidden=\"true\">\u00a0<\/div>\n<p><!-- \/wp:spacer --><\/p>\n<p><!-- wp:columns {\"verticalAlignment\":\"center\"} --><\/p>\n<div class=\"wp-block-columns are-vertically-aligned-center\">\n<p><!-- wp:column {\"verticalAlignment\":\"center\",\"width\":\"50%\"} --><\/p>\n<div class=\"wp-block-column is-vertically-aligned-center\" style=\"flex-basis: 50%;\">\n<p><!-- wp:image {\"linkDestination\":\"none\"} --><\/p>\n<figure class=\"wp-block-image\"><img loading=\"lazy\" decoding=\"async\" class=\"alignnone size-full wp-image-254\" src=\"https:\/\/atmezot.lv\/wp-content\/uploads\/2021\/04\/1543073533service1.jpg\" alt=\"\" width=\"778\" height=\"514\" srcset=\"https:\/\/atmezot.lv\/wp-content\/uploads\/2021\/04\/1543073533service1.jpg 778w, https:\/\/atmezot.lv\/wp-content\/uploads\/2021\/04\/1543073533service1-300x198.jpg 300w, https:\/\/atmezot.lv\/wp-content\/uploads\/2021\/04\/1543073533service1-768x507.jpg 768w\" sizes=\"(max-width: 778px) 100vw, 778px\" \/><\/figure>\n<p><!-- \/wp:image --><\/p>\n<p><!-- wp:heading {\"textAlign\":\"center\",\"level\":3,\"textColor\":\"neve-text-color\"} --><\/p>\n<h3 class=\"has-text-align-center has-neve-text-color-color has-text-color\">Atme\u017eo\u0161anas pakalpojums<\/h3>\n<p><!-- \/wp:heading --><\/p>\n<p><!-- wp:paragraph {\"align\":\"center\",\"textColor\":\"neve-text-color\"} --><\/p>\n<p class=\"has-text-align-center has-neve-text-color-color has-text-color\">P\u0113c zemes gabala uzm\u0113r\u012b\u0161anas pied\u0101v\u0101j\u0101m veikt fizisku zemes gabala atme\u017eo\u0161anu un sagatavo\u0161anu. \u00a0<\/p>\n<div class=\"wp-block-buttons aligncenter\">\n<p><!-- \/wp:button --><\/p>\n<\/div>\n<p><!-- \/wp:buttons --><\/p>\n<p><!-- wp:spacer {\"height\":40} --><\/p>\n<div class=\"wp-block-spacer\" style=\"height: 40px;\" aria-hidden=\"true\">\u00a0<\/div>\n<p><!-- \/wp:spacer --><\/p>\n<\/div>\n<p><!-- \/wp:column --><\/p>\n<p><!-- wp:column {\"verticalAlignment\":\"center\",\"width\":\"50%\"} --><\/p>\n<div class=\"wp-block-column is-vertically-aligned-center\" style=\"flex-basis: 50%;\">\n<p><!-- wp:image {\"linkDestination\":\"none\"} --><\/p>\n<figure class=\"wp-block-image\"><img loading=\"lazy\" decoding=\"async\" class=\"alignnone size-full wp-image-173\" src=\"https:\/\/atmezot.lv\/wp-content\/uploads\/2021\/04\/360_F_330336868_GjxLQuv1vQVLIFlFFnDMgtsszd5F2SF8.jpg\" alt=\"\" width=\"544\" height=\"360\" srcset=\"https:\/\/atmezot.lv\/wp-content\/uploads\/2021\/04\/360_F_330336868_GjxLQuv1vQVLIFlFFnDMgtsszd5F2SF8.jpg 544w, https:\/\/atmezot.lv\/wp-content\/uploads\/2021\/04\/360_F_330336868_GjxLQuv1vQVLIFlFFnDMgtsszd5F2SF8-300x199.jpg 300w\" sizes=\"(max-width: 544px) 100vw, 544px\" \/><\/figure>\n<p><!-- \/wp:image --><\/p>\n<p><!-- wp:heading {\"textAlign\":\"center\",\"level\":3,\"textColor\":\"neve-text-color\"} --><\/p>\n<h3 class=\"has-text-align-center has-neve-text-color-color has-text-color\" style=\"text-align: center;\">Apme\u017eo\u0161ana<\/h3>\n<p><!-- \/wp:heading --><\/p>\n<p><!-- wp:paragraph {\"align\":\"center\",\"textColor\":\"neve-text-color\"} --><\/p>\n<p class=\"has-text-align-center has-neve-text-color-color has-text-color\">Veicam J\u016bsu zemes gabala apme\u017eo\u0161anu. Pied\u0101v\u0101jam ieg\u0101d\u0101ties sertific\u0113tus st\u0101dus, ar kuriem apst\u0101d\u012bsim J\u016bsu \u012bpa\u0161umu.\u00a0<\/p>\n<p><!-- \/wp:paragraph --><\/p>\n<p><!-- wp:buttons {\"align\":\"center\"} --><\/p>\n<div class=\"wp-block-buttons aligncenter\">\n<p><!-- wp:button {\"className\":\"is-style-primary\"} --><\/p>\n<div class=\"wp-block-button is-style-primary\">\u00a0<\/div>\n<\/div>\n<\/div>\n<\/div>\n<\/div>\n<\/div>\n<\/div>\n<\/div>\n<div class=\"wp-block-cover alignfull has-nv-dark-bg-background-color has-background-dim\" style=\"min-height: 300px;\">\n<div class=\"wp-block-cover__inner-container\">\n<p><!-- \/wp:paragraph --><\/p>\n<p><!-- wp:spacer {\"height\":80} --><\/p>\n<div class=\"wp-block-spacer\" style=\"height: 80px;\" aria-hidden=\"true\">\u00a0<\/div>\n<p><!-- \/wp:spacer --><\/p>\n<\/div>\n<\/div>\n<p><!-- \/wp:cover --><\/p>\n<\/div>\n<\/div>\t\t\t\t\t\t<\/div>\n\t\t\t\t<\/div>\n\t\t\t\t\t<\/div>\n\t\t<\/div>\n\t\t\t\t\t\t\t<\/div>\n\t\t<\/section>\n\t\t\t\t\t\t<\/div>\n\t\t\t\t\t<\/div>\n\t\t","protected":false},"excerpt":{"rendered":"<p>\u00a0 Atme\u017eo\u0161anas pakalpojums P\u0113c zemes gabala uzm\u0113r\u012b\u0161anas pied\u0101v\u0101j\u0101m veikt fizisku zemes gabala atme\u017eo\u0161anu un sagatavo\u0161anu. \u00a0 \u00a0 Apme\u017eo\u0161ana Veicam J\u016bsu zemes gabala apme\u017eo\u0161anu. Pied\u0101v\u0101jam ieg\u0101d\u0101ties sertific\u0113tus st\u0101dus, ar kuriem apst\u0101d\u012bsim J\u016bsu \u012bpa\u0161umu.\u00a0 \u00a0 \u00a0<\/p>\n","protected":false},"author":1,"featured_media":0,"parent":0,"menu_order":0,"comment_status":"closed","ping_status":"closed","template":"","meta":{"neve_meta_sidebar":"","neve_meta_container":"","neve_meta_enable_content_width":"on","neve_meta_content_width":100,"neve_meta_title_alignment":"","neve_meta_author_avatar":"","neve_post_elements_order":"","neve_meta_disable_header":"","neve_meta_disable_footer":"","neve_meta_disable_title":"on","footnotes":""},"_links":{"self":[{"href":"https:\/\/atmezot.lv\/index.php?rest_route=\/wp\/v2\/pages\/22"}],"collection":[{"href":"https:\/\/atmezot.lv\/index.php?rest_route=\/wp\/v2\/pages"}],"about":[{"href":"https:\/\/atmezot.lv\/index.php?rest_route=\/wp\/v2\/types\/page"}],"author":[{"embeddable":true,"href":"https:\/\/atmezot.lv\/index.php?rest_route=\/wp\/v2\/users\/1"}],"replies":[{"embeddable":true,"href":"https:\/\/atmezot.lv\/index.php?rest_route=%2Fwp%2Fv2%2Fcomments&post=22"}],"version-history":[{"count":69,"href":"https:\/\/atmezot.lv\/index.php?rest_route=\/wp\/v2\/pages\/22\/revisions"}],"predecessor-version":[{"id":493,"href":"https:\/\/atmezot.lv\/index.php?rest_route=\/wp\/v2\/pages\/22\/revisions\/493"}],"wp:attachment":[{"href":"https:\/\/atmezot.lv\/index.php?rest_route=%2Fwp%2Fv2%2Fmedia&parent=22"}],"curies":[{"name":"wp","href":"https:\/\/api.w.org\/{rel}","templated":true}]}}