{"id":21,"date":"2021-04-20T19:31:09","date_gmt":"2021-04-20T19:31:09","guid":{"rendered":"https:\/\/atmezot.lv\/?page_id=21"},"modified":"2026-01-27T17:15:49","modified_gmt":"2026-01-27T17:15:49","slug":"contact","status":"publish","type":"page","link":"https:\/\/atmezot.lv\/?page_id=21","title":{"rendered":"Kontakti"},"content":{"rendered":"\t\t<div data-elementor-type=\"wp-page\" data-elementor-id=\"21\" class=\"elementor elementor-21\" data-elementor-settings=\"[]\">\n\t\t\t\t\t\t\t<div class=\"elementor-section-wrap\">\n\t\t\t\t\t\t\t<section class=\"elementor-section elementor-top-section elementor-element elementor-element-4bbc541c elementor-section-boxed elementor-section-height-default elementor-section-height-default\" data-id=\"4bbc541c\" data-element_type=\"section\">\n\t\t\t\t\t\t<div class=\"elementor-container elementor-column-gap-default\">\n\t\t\t\t\t<div class=\"elementor-column elementor-col-100 elementor-top-column elementor-element elementor-element-69535e09\" data-id=\"69535e09\" data-element_type=\"column\">\n\t\t\t<div class=\"elementor-widget-wrap elementor-element-populated\">\n\t\t\t\t\t\t\t\t<div class=\"elementor-element elementor-element-9701eb4 elementor-widget elementor-widget-text-editor\" data-id=\"9701eb4\" data-element_type=\"widget\" data-widget_type=\"text-editor.default\">\n\t\t\t\t<div class=\"elementor-widget-container\">\n\t\t\t\t\t\t\t<p><!-- wp:cover {\"overlayColor\":\"nv-site-bg\",\"minHeight\":300,\"align\":\"full\"} --><\/p>\n<div class=\"wp-block-cover alignfull has-nv-light-bg-background-color has-background-dim\" style=\"min-height: 420px;\">\n<div class=\"wp-block-cover__inner-container\">\n<div class=\"wp-block-columns\">\n<div class=\"wp-block-column\">\n<div class=\"wp-block-image icon-style is-style-rounded\"><span style=\"background-color: #ffffff;\"><br \/><br \/><\/span><\/div>\n<h3 class=\"has-text-align-center has-neve-text-color-color has-text-color\">\u00a0<\/h3>\n<p><!-- \/wp:heading --><\/p>\n<p><!-- wp:paragraph {\"align\":\"center\",\"style\":{\"typography\":{\"fontSize\":15}},\"textColor\":\"neve-text-color\"} --><\/p>\n<p><!-- wp:cover {\"overlayColor\":\"nv-site-bg\",\"minHeight\":300,\"align\":\"full\"} --><\/p>\n<div class=\"wp-block-cover alignfull has-nv-light-bg-background-color has-background-dim\" style=\"min-height: 420px;\">\n<div class=\"wp-block-cover__inner-container\">\n<div class=\"wp-block-columns\">\n<div class=\"wp-block-column\">\n<p><!-- wp:spacer {\"height\":24} --><\/p>\n<div class=\"wp-block-spacer\" style=\"height: 24px;\" aria-hidden=\"true\">\u00a0<\/div>\n<p><!-- \/wp:spacer --><\/p>\n<p><!-- wp:image {\"align\":\"center\",\"width\":48,\"height\":48,\"className\":\"icon-style is-style-rounded\"} --><\/p>\n<div class=\"wp-block-image icon-style is-style-rounded\">\n<figure class=\"aligncenter is-resized\"><img loading=\"lazy\" decoding=\"async\" src=\"https:\/\/atmezot.lv\/wp-content\/themes\/neve\/assets\/img\/starter-content\/icon-05.svg\" alt=\"\" width=\"48\" height=\"48\" \/><\/figure>\n<\/div>\n<p><!-- \/wp:image --><\/p>\n<p><!-- wp:heading {\"level\":3,\"textColor\":\"neve-text-color\",\"className\":\"has-text-align-center\"} --><\/p>\n<h3 class=\"has-text-align-center has-neve-text-color-color has-text-color\">Telefons<\/h3>\n<p><!-- \/wp:heading --><\/p>\n<p><!-- wp:paragraph {\"align\":\"center\",\"style\":{\"typography\":{\"fontSize\":15}},\"textColor\":\"neve-text-color\"} --><\/p>\n<p class=\"has-text-align-center has-neve-text-color-color has-text-color\" style=\"font-size: 15px;\">Mob. <a href=\"tel:+371 26447492\">+371 26447492<\/a><\/p>\n<p><!-- \/wp:paragraph --><\/p>\n<p><!-- wp:spacer {\"height\":24} --><\/p>\n<div class=\"wp-block-spacer\" style=\"height: 24px;\" aria-hidden=\"true\">\u00a0<\/div>\n<p><!-- \/wp:spacer --><\/p>\n<\/div>\n<p><!-- \/wp:column --><\/p>\n<div class=\"wp-block-column\">\n<p><!-- wp:spacer {\"height\":24} --><\/p>\n<div class=\"wp-block-spacer\" style=\"height: 24px;\" aria-hidden=\"true\">\u00a0<\/div>\n<p><!-- \/wp:spacer --><\/p>\n<p><!-- wp:image {\"align\":\"center\",\"width\":48,\"height\":48,\"className\":\"icon-style is-style-rounded\"} --><\/p>\n<div class=\"wp-block-image icon-style is-style-rounded\">\n<figure class=\"aligncenter is-resized\"><img loading=\"lazy\" decoding=\"async\" src=\"https:\/\/atmezot.lv\/wp-content\/themes\/neve\/assets\/img\/starter-content\/icon-06.svg\" alt=\"\" width=\"48\" height=\"48\" \/><\/figure>\n<\/div>\n<p><!-- \/wp:image --><\/p>\n<p><!-- wp:heading {\"level\":3,\"textColor\":\"neve-text-color\",\"className\":\"has-text-align-center\"} --><\/p>\n<h3 class=\"has-text-align-center has-neve-text-color-color has-text-color\">E-pasts<\/h3>\n<p><!-- \/wp:heading --><\/p>\n<p><!-- wp:paragraph {\"align\":\"center\",\"style\":{\"typography\":{\"fontSize\":15}},\"textColor\":\"neve-text-color\"} --><\/p>\n<p class=\"has-text-align-center has-neve-text-color-color has-text-color\" style=\"font-size: 15px;\"><a href=\"mailto:info@atmezot.lv\">info@atmezot.lv<\/a><\/p>\n<p><!-- \/wp:paragraph --><\/p>\n<p><!-- wp:spacer {\"height\":24} --><\/p>\n<div class=\"wp-block-spacer\" style=\"height: 24px;\" aria-hidden=\"true\">\u00a0<\/div>\n<p><!-- \/wp:spacer --><\/p>\n<\/div>\n<p><!-- wp:column --><\/p>\n<div class=\"wp-block-column\">\n<p><!-- wp:spacer {\"height\":24} --><\/p>\n<div class=\"wp-block-spacer\" style=\"height: 24px;\" aria-hidden=\"true\">\u00a0<\/div>\n<p><!-- \/wp:spacer --><\/p>\n<p><!-- wp:image {\"align\":\"center\",\"width\":48,\"height\":48,\"className\":\"icon-style is-style-rounded\"} --><\/p>\n<div class=\"wp-block-image icon-style is-style-rounded\">\n<figure class=\"aligncenter is-resized\"><img loading=\"lazy\" decoding=\"async\" src=\"https:\/\/atmezot.lv\/wp-content\/themes\/neve\/assets\/img\/starter-content\/icon-04.svg\" alt=\"\" width=\"48\" height=\"48\" \/><\/figure>\n<\/div>\n<p><!-- \/wp:image --><\/p>\n<p><!-- wp:heading {\"level\":3,\"textColor\":\"neve-text-color\",\"className\":\"has-text-align-center\"} --><\/p>\n<h3 class=\"has-text-align-center has-neve-text-color-color has-text-color\">Rekviziti<\/h3>\n<p><!-- \/wp:heading --><\/p>\n<p><!-- wp:paragraph {\"align\":\"center\",\"style\":{\"typography\":{\"fontSize\":15}},\"textColor\":\"neve-text-color\"} --><\/p>\n<p class=\"has-text-align-center has-neve-text-color-color has-text-color\" style=\"font-size: 15px;\">SIA &#8221; SD 10&#8242;<br \/>Re\u0123\/ nr.: 40002077458<br \/>R\u012bga, J\u016brmalas gatve 93 k-2 &#8211; 32<\/p>\n<p><!-- \/wp:paragraph --><\/p>\n<p><!-- wp:spacer {\"height\":24} --><\/p>\n<div class=\"wp-block-spacer\" style=\"height: 24px;\" aria-hidden=\"true\">\u00a0<\/div>\n<p><!-- \/wp:spacer --><\/p>\n<\/div>\n<p><!-- \/wp:column --><\/p>\n<\/div>\n<p><!-- \/wp:columns --><\/p>\n<p><!-- wp:spacer {\"height\":30} --><\/p>\n<div class=\"wp-block-spacer\" style=\"height: 30px;\" aria-hidden=\"true\">\u00a0<\/div>\n<p><!-- \/wp:spacer --><\/p>\n<\/div>\n<\/div>\n<p><!-- \/wp:cover --><\/p>\n<p><!-- wp:cover {\"overlayColor\":\"nv-dark-bg\",\"minHeight\":600,\"align\":\"full\"} --><\/p>\n<div class=\"wp-block-cover alignfull has-nv-dark-bg-background-color has-background-dim\" style=\"min-height: 600px;\">\n<div class=\"wp-block-cover__inner-container\">\n<p><!-- wp:group --><\/p>\n<div class=\"wp-block-group\">\n<div class=\"wp-block-group__inner-container\">\n<p><!-- wp:spacer {\"height\":80} --><\/p>\n<div class=\"wp-block-spacer\" style=\"height: 80px;\" aria-hidden=\"true\">\u00a0<\/div>\n<p><!-- \/wp:spacer --><\/p>\n<p><!-- wp:columns --><\/p>\n<div class=\"wp-block-columns\">\n<p><!-- wp:column {\"verticalAlignment\":\"center\",\"width\":\"50%\"} --><\/p>\n<div class=\"wp-block-column is-vertically-aligned-center\" style=\"flex-basis: 50%;\">\n<p><!-- wp:heading {\"textColor\":\"nv-text-white-bg\"} --><\/p>\n<h2 class=\"has-nv-text-bg-color has-text-color\">S\u016btiet jaut\u0101jumu vai zvaniet sev \u0113rt\u0101 laik\u0101!<\/h2>\n<p><!-- \/wp:heading --><\/p>\n<p><!-- wp:paragraph {\"textColor\":\"white\"} --><\/p>\n<p class=\"has-white-color has-text-color\">Piel\u0101gosimies J\u016bsu grafikam, lai pal\u012bdz\u0113tu \u0101tri atbild\u0113t uz J\u016bsu jaut\u0101jumu.<\/p>\n<p><!-- \/wp:paragraph --><\/p>\n<\/div>\n<p><!-- \/wp:column --><\/p>\n<p><!-- wp:column {\"verticalAlignment\":\"center\",\"width\":\"50%\"} --><\/p>\n<div class=\"wp-block-column is-vertically-aligned-center\" style=\"flex-basis: 50%;\">\n<p><!-- wp:image {\"linkDestination\":\"none\"} --><\/p>\n<figure class=\"wp-block-image\"><img loading=\"lazy\" decoding=\"async\" class=\"alignnone size-full wp-image-105\" src=\"https:\/\/atmezot.lv\/wp-content\/uploads\/2021\/04\/Screenshot-2021-04-21-at-09.42.17.png\" alt=\"\" width=\"1478\" height=\"972\" srcset=\"https:\/\/atmezot.lv\/wp-content\/uploads\/2021\/04\/Screenshot-2021-04-21-at-09.42.17.png 1478w, https:\/\/atmezot.lv\/wp-content\/uploads\/2021\/04\/Screenshot-2021-04-21-at-09.42.17-300x197.png 300w, https:\/\/atmezot.lv\/wp-content\/uploads\/2021\/04\/Screenshot-2021-04-21-at-09.42.17-1024x673.png 1024w, https:\/\/atmezot.lv\/wp-content\/uploads\/2021\/04\/Screenshot-2021-04-21-at-09.42.17-768x505.png 768w\" sizes=\"(max-width: 1478px) 100vw, 1478px\" \/><\/figure>\n<p><!-- \/wp:image --><\/p>\n<\/div>\n<p><!-- \/wp:column --><\/p>\n<\/div>\n<p><!-- \/wp:columns --><\/p>\n<p><!-- wp:spacer {\"height\":40} --><\/p>\n<div class=\"wp-block-spacer\" style=\"height: 40px;\" aria-hidden=\"true\">\u00a0<\/div>\n<p><!-- \/wp:spacer --><\/p>\n<\/div>\n<\/div>\n<p><!-- \/wp:group --><\/p>\n<\/div>\n<\/div>\n<p><!-- \/wp:cover --><\/p>\n<\/div>\n<\/div>\n<\/div>\n<\/div>\t\t\t\t\t\t<\/div>\n\t\t\t\t<\/div>\n\t\t\t\t\t<\/div>\n\t\t<\/div>\n\t\t\t\t\t\t\t<\/div>\n\t\t<\/section>\n\t\t\t\t\t\t<\/div>\n\t\t\t\t\t<\/div>\n\t\t","protected":false},"excerpt":{"rendered":"<p>\u00a0 S\u016btiet jaut\u0101jumu vai zvaniet sev \u0113rt\u0101 laik\u0101! Piel\u0101gosimies J\u016bsu grafikam, lai pal\u012bdz\u0113tu \u0101tri atbild\u0113t uz J\u016bsu jaut\u0101jumu. \u00a0<\/p>\n","protected":false},"author":1,"featured_media":0,"parent":0,"menu_order":0,"comment_status":"closed","ping_status":"closed","template":"","meta":{"neve_meta_sidebar":"","neve_meta_container":"","neve_meta_enable_content_width":"on","neve_meta_content_width":100,"neve_meta_title_alignment":"","neve_meta_author_avatar":"","neve_post_elements_order":"","neve_meta_disable_header":"","neve_meta_disable_footer":"","neve_meta_disable_title":"on","footnotes":""},"_links":{"self":[{"href":"https:\/\/atmezot.lv\/index.php?rest_route=\/wp\/v2\/pages\/21"}],"collection":[{"href":"https:\/\/atmezot.lv\/index.php?rest_route=\/wp\/v2\/pages"}],"about":[{"href":"https:\/\/atmezot.lv\/index.php?rest_route=\/wp\/v2\/types\/page"}],"author":[{"embeddable":true,"href":"https:\/\/atmezot.lv\/index.php?rest_route=\/wp\/v2\/users\/1"}],"replies":[{"embeddable":true,"href":"https:\/\/atmezot.lv\/index.php?rest_route=%2Fwp%2Fv2%2Fcomments&post=21"}],"version-history":[{"count":43,"href":"https:\/\/atmezot.lv\/index.php?rest_route=\/wp\/v2\/pages\/21\/revisions"}],"predecessor-version":[{"id":694,"href":"https:\/\/atmezot.lv\/index.php?rest_route=\/wp\/v2\/pages\/21\/revisions\/694"}],"wp:attachment":[{"href":"https:\/\/atmezot.lv\/index.php?rest_route=%2Fwp%2Fv2%2Fmedia&parent=21"}],"curies":[{"name":"wp","href":"https:\/\/api.w.org\/{rel}","templated":true}]}}