{"id":20,"date":"2021-04-20T19:31:09","date_gmt":"2021-04-20T19:31:09","guid":{"rendered":"https:\/\/atmezot.lv\/?page_id=20"},"modified":"2021-07-13T06:33:18","modified_gmt":"2021-07-13T06:33:18","slug":"about","status":"publish","type":"page","link":"https:\/\/atmezot.lv\/?page_id=20","title":{"rendered":"Par mums"},"content":{"rendered":"\t\t<div data-elementor-type=\"wp-page\" data-elementor-id=\"20\" class=\"elementor elementor-20\" data-elementor-settings=\"[]\">\n\t\t\t\t\t\t\t<div class=\"elementor-section-wrap\">\n\t\t\t\t\t\t\t<section class=\"elementor-section elementor-top-section elementor-element elementor-element-7d05aa34 elementor-section-boxed elementor-section-height-default elementor-section-height-default\" data-id=\"7d05aa34\" data-element_type=\"section\">\n\t\t\t\t\t\t<div class=\"elementor-container elementor-column-gap-default\">\n\t\t\t\t\t<div class=\"elementor-column elementor-col-100 elementor-top-column elementor-element elementor-element-564e1eab\" data-id=\"564e1eab\" data-element_type=\"column\">\n\t\t\t<div class=\"elementor-widget-wrap elementor-element-populated\">\n\t\t\t\t\t\t\t\t<div class=\"elementor-element elementor-element-46ae9e8b elementor-widget elementor-widget-text-editor\" data-id=\"46ae9e8b\" data-element_type=\"widget\" data-widget_type=\"text-editor.default\">\n\t\t\t\t<div class=\"elementor-widget-container\">\n\t\t\t\t\t\t\t<p><!-- wp:cover {\"overlayColor\":\"nv-site-bg\",\"minHeight\":300,\"align\":\"full\"} --><\/p>\n<div class=\"wp-block-cover alignfull has-nv-site-bg-background-color has-background-dim\" style=\"min-height: 300px;\">\n<div class=\"wp-block-cover__inner-container\">\n<p><!-- wp:group --><\/p>\n<div class=\"wp-block-group\">\n<div class=\"wp-block-group__inner-container\">\n<p><!-- wp:heading {\"level\":1,\"className\":\"has-text-align-left\",\"textColor\":\"neve-text-color\"} --><\/p>\n<\/div>\n<\/div>\n<div class=\"wp-block-cover alignfull has-nv-light-bg-background-color has-background-dim\" style=\"min-height: 600px;\">\n<div class=\"wp-block-cover__inner-container\">\n<div class=\"wp-block-group\">\n<div class=\"wp-block-group__inner-container\">\n<div class=\"wp-block-spacer\" style=\"height: 80px;\" aria-hidden=\"true\">Komanda\u00a0<\/div>\n<p><!-- \/wp:spacer --><\/p>\n<p><!-- wp:columns {\"verticalAlignment\":\"center\"} --><\/p>\n<div class=\"wp-block-columns are-vertically-aligned-center\">\n<p><!-- wp:column {\"verticalAlignment\":\"center\",\"width\":50} --><\/p>\n<div class=\"wp-block-column is-vertically-aligned-center\" style=\"flex-basis: 50%;\">\n<p><!-- wp:image {} --><\/p>\n<figure class=\"wp-block-image size-large\"><img loading=\"lazy\" decoding=\"async\" class=\"alignnone size-full wp-image-296\" src=\"https:\/\/atmezot.lv\/wp-content\/uploads\/2021\/04\/IMG_5591.jpg\" alt=\"\" width=\"1280\" height=\"960\" srcset=\"https:\/\/atmezot.lv\/wp-content\/uploads\/2021\/04\/IMG_5591.jpg 1280w, https:\/\/atmezot.lv\/wp-content\/uploads\/2021\/04\/IMG_5591-300x225.jpg 300w, https:\/\/atmezot.lv\/wp-content\/uploads\/2021\/04\/IMG_5591-1024x768.jpg 1024w, https:\/\/atmezot.lv\/wp-content\/uploads\/2021\/04\/IMG_5591-768x576.jpg 768w\" sizes=\"(max-width: 1280px) 100vw, 1280px\" \/><\/figure>\n<p><!-- \/wp:image --><\/p>\n<\/div>\n<p><!-- \/wp:column --><\/p>\n<p><!-- wp:column {\"verticalAlignment\":\"center\",\"width\":50} --><\/p>\n<div class=\"wp-block-column is-vertically-aligned-center\" style=\"flex-basis: 50%;\">\n<p><!-- wp:heading {\"textColor\":\"neve-text-color\"} --><\/p>\n<h2 class=\"has-neve-text-color-color has-text-color\">Par Awood\u00a0<\/h2>\n<p><!-- \/wp:heading --><\/p>\n<p><!-- wp:paragraph {\"textColor\":\"neve-text-color\",\"fontSize\":\"medium\"} --><\/p>\n<p class=\"has-neve-text-color-color has-text-color has-medium-font-size\">Esam uz\u0146\u0113mums, kur\u0161 pal\u012bdz\u0113s Jums sagatavot me\u017ea zemes \u012bpa\u0161umu J\u016bsu projekta vajadz\u012bb\u0101m.<\/p>\n<p><!-- \/wp:paragraph --><\/p>\n<p><!-- wp:paragraph {\"textColor\":\"neve-text-color\"} --><\/p>\n<p class=\"has-neve-text-color-color has-text-color\"><span style=\"font-family: var( --e-global-typography-text-font-family ), Sans-serif; letter-spacing: 0px; background-color: #ededed;\">Pal\u012bdz\u0113sim samazin\u0101t izmaksas me\u017ea zemes transform\u0101cijai, pl\u0101nojot b\u016bvniec\u012bbu vai lauksaimniec\u012bbas zemes ier\u012bko\u0161anu me\u017ea zem\u0113s, pils\u0113tas me\u017eos, \u016bdens aizsargjosl\u0101s, piej\u016bras aizsargjosl\u0101. P\u0101rdosim kompens\u0101cijas ties\u012bbas uz m\u016bsu jau transform\u0113tajiem zemes \u012bpa\u0161umiem. Veicam m\u0113r\u012bjumus, ja t\u0101di nav veikti, lai prec\u012bzi apr\u0113\u0137in\u0101tu, k\u0101di b\u016bs klienta ieguvumi p\u0113c klasific\u0113t\u0101s zemes koda. Parakstam l\u012bgumu par kompens\u0113jamo zemes apjomu, lai \u0101tri varat veikt savas zemes sagatavo\u0161anu b\u016bvniec\u012bbai.<\/span><\/p>\n<\/div>\n<\/div>\n<\/div>\n<\/div>\n<\/div>\n<\/div>\n<div class=\"wp-block-cover alignfull has-nv-site-bg-background-color has-background-dim\" style=\"min-height: 420px;\">\n<div class=\"wp-block-cover__inner-container\">\n<p><!-- \/wp:spacer --><\/p>\n<p><!-- wp:columns --><\/p>\n<div class=\"wp-block-columns\">\n<p><!-- wp:column {\"className\":\"ticss-4ce656f1\"} --><\/p>\n<div class=\"wp-block-column ticss-4ce656f1\">\n<p><!-- wp:image {\"width\":48,\"height\":48,\"className\":\"icon-style is-style-rounded\"} --><\/p>\n<figure class=\"wp-block-image icon-style is-style-rounded\"><img loading=\"lazy\" decoding=\"async\" src=\"https:\/\/atmezot.lv\/wp-content\/themes\/neve\/assets\/img\/starter-content\/icon-03.svg\" alt=\"\" width=\"48\" height=\"48\" \/><\/figure>\n<p><!-- \/wp:image --><\/p>\n<p><!-- wp:heading {\"align\":\"left\",\"level\":3,\"className\":\"has-text-align-center\",\"textColor\":\"neve-text-color\"} --><\/p>\n<h3 class=\"has-text-align-left has-text-align-center has-neve-text-color-color has-text-color\">\u0100tra dokument\u0101cija<\/h3>\n<p><!-- \/wp:heading --><\/p>\n<p><!-- wp:paragraph {\"align\":\"left\",\"textColor\":\"neve-text-color\",\"style\":{\"typography\":{\"fontSize\":15}}} --><\/p>\n<p class=\"has-text-align-left has-neve-text-color-color has-text-color\" style=\"font-size: 15px;\">Pal\u012bdz\u0113sim ar \u00a0eso\u0161iem kompens\u0113tiem zemes gabaliem jums \u0101tr\u0101k un \u0113rt\u0101k nok\u0101rtot dokument\u0101ciju savas zemes gabala izmanto\u0161anai paredz\u0113tajiem nol\u016bkiem.<\/p>\n<p><!-- \/wp:paragraph --><\/p>\n<p><!-- wp:spacer {\"height\":20} --><\/p>\n<div class=\"wp-block-spacer\" style=\"height: 20px;\" aria-hidden=\"true\">\u00a0<\/div>\n<p><!-- \/wp:spacer --><\/p>\n<\/div>\n<p><!-- \/wp:column --><\/p>\n<p><!-- wp:column {\"className\":\"ticss-f6fc7494\"} --><\/p>\n<div class=\"wp-block-column ticss-f6fc7494\">\n<p><!-- wp:image {\"width\":48,\"height\":48,\"className\":\"icon-style is-style-rounded\"} --><\/p>\n<figure class=\"wp-block-image icon-style is-style-rounded\"><img loading=\"lazy\" decoding=\"async\" src=\"https:\/\/atmezot.lv\/wp-content\/themes\/neve\/assets\/img\/starter-content\/icon-03.svg\" alt=\"\" width=\"48\" height=\"48\" \/><\/figure>\n<p><!-- \/wp:image --><\/p>\n<p><!-- wp:heading {\"align\":\"left\",\"level\":3,\"className\":\"has-text-align-center\",\"textColor\":\"neve-text-color\"} --><\/p>\n<h3 class=\"has-text-align-left has-text-align-center has-neve-text-color-color has-text-color\">Elast\u012bgs izcenojums<\/h3>\n<p><!-- \/wp:heading --><\/p>\n<p><!-- wp:paragraph {\"align\":\"left\",\"textColor\":\"neve-text-color\",\"style\":{\"typography\":{\"fontSize\":15}}} --><\/p>\n<p class=\"has-text-align-left has-neve-text-color-color has-text-color\" style=\"font-size: 15px;\">Atme\u017eo\u0161anas izmaksas ir atkar\u012bgas no zemes klasifik\u0101cijas un plat\u012bbas. Vienm\u0113r atradisim vidusce\u013cu, lai jums b\u016btu izdev\u012bgi m\u016bsu pakalpojumi.<\/p>\n<p><!-- \/wp:paragraph --><\/p>\n<p><!-- wp:spacer {\"height\":20} --><\/p>\n<div class=\"wp-block-spacer\" style=\"height: 20px;\" aria-hidden=\"true\">\u00a0<\/div>\n<p><!-- \/wp:spacer --><\/p>\n<\/div>\n<p><!-- \/wp:column --><\/p>\n<p><!-- wp:column {\"className\":\"ticss-a5b4df29\"} --><\/p>\n<div class=\"wp-block-column ticss-a5b4df29\">\n<p><!-- wp:image {\"width\":48,\"height\":48,\"className\":\"icon-style is-style-rounded\"} --><\/p>\n<figure class=\"wp-block-image icon-style is-style-rounded\"><img loading=\"lazy\" decoding=\"async\" src=\"https:\/\/atmezot.lv\/wp-content\/themes\/neve\/assets\/img\/starter-content\/icon-03.svg\" alt=\"\" width=\"48\" height=\"48\" \/><\/figure>\n<p><!-- \/wp:image --><\/p>\n<p><!-- wp:heading {\"align\":\"left\",\"level\":3,\"className\":\"has-text-align-center\",\"textColor\":\"neve-text-color\"} --><\/p>\n<h3 class=\"has-text-align-left has-text-align-center has-neve-text-color-color has-text-color\">Str\u0101dnieku komanda<\/h3>\n<p><!-- \/wp:heading --><\/p>\n<p><!-- wp:paragraph {\"align\":\"left\",\"textColor\":\"neve-text-color\",\"style\":{\"typography\":{\"fontSize\":15}}} --><\/p>\n<p class=\"has-text-align-left has-neve-text-color-color has-text-color\" style=\"font-size: 15px;\">Pieredz\u0113ju\u0161u str\u0101dnieku komanda Jums pal\u012bdz\u0113s veikt atme\u017eo\u0161anu un sagatavos zemes gabalu \u0101tri J\u016bsu paredz\u0113tajam m\u0113r\u0137im.<\/p>\n<\/div>\n<\/div>\n<\/div>\n<\/div>\n<div class=\"wp-block-cover alignfull has-nv-light-bg-background-color has-background-dim\" style=\"min-height: 600px;\">\n<div class=\"wp-block-cover__inner-container\">\n<div class=\"wp-block-group\">\n<div class=\"wp-block-group__inner-container\">\n<div class=\"wp-block-columns\">\n<div class=\"wp-block-column\">\n<p><!-- \/wp:spacer --><\/p>\n<\/div>\n<p><!-- \/wp:column --><\/p>\n<\/div>\n<p><!-- \/wp:columns --><\/p>\n<p><!-- wp:spacer {\"height\":40} --><\/p>\n<div class=\"wp-block-spacer\" style=\"height: 40px;\" aria-hidden=\"true\">\u00a0<\/div>\n<p><!-- \/wp:spacer --><\/p>\n<\/div>\n<\/div>\n<p><!-- \/wp:group --><\/p>\n<\/div>\n<\/div>\n<p><!-- \/wp:cover --><\/p>\n<\/div>\n<\/div>\t\t\t\t\t\t<\/div>\n\t\t\t\t<\/div>\n\t\t\t\t\t<\/div>\n\t\t<\/div>\n\t\t\t\t\t\t\t<\/div>\n\t\t<\/section>\n\t\t\t\t\t\t<\/div>\n\t\t\t\t\t<\/div>\n\t\t","protected":false},"excerpt":{"rendered":"<p>Komanda\u00a0 Par Awood\u00a0 Esam uz\u0146\u0113mums, kur\u0161 pal\u012bdz\u0113s Jums sagatavot me\u017ea zemes \u012bpa\u0161umu J\u016bsu projekta vajadz\u012bb\u0101m. Pal\u012bdz\u0113sim samazin\u0101t izmaksas me\u017ea zemes transform\u0101cijai, pl\u0101nojot b\u016bvniec\u012bbu vai lauksaimniec\u012bbas zemes ier\u012bko\u0161anu me\u017ea zem\u0113s, pils\u0113tas me\u017eos, \u016bdens aizsargjosl\u0101s, piej\u016bras aizsargjosl\u0101. P\u0101rdosim kompens\u0101cijas ties\u012bbas uz m\u016bsu jau transform\u0113tajiem zemes \u012bpa\u0161umiem. Veicam m\u0113r\u012bjumus, ja t\u0101di nav veikti, lai prec\u012bzi apr\u0113\u0137in\u0101tu, k\u0101di b\u016bs&hellip;&nbsp;<a href=\"https:\/\/atmezot.lv\/?page_id=20\" class=\"\" rel=\"bookmark\">Read More &raquo;<span class=\"screen-reader-text\">Par mums<\/span><\/a><\/p>\n","protected":false},"author":1,"featured_media":0,"parent":0,"menu_order":0,"comment_status":"closed","ping_status":"closed","template":"","meta":{"neve_meta_sidebar":"","neve_meta_container":"","neve_meta_enable_content_width":"on","neve_meta_content_width":100,"neve_meta_title_alignment":"","neve_meta_author_avatar":"","neve_post_elements_order":"","neve_meta_disable_header":"","neve_meta_disable_footer":"","neve_meta_disable_title":"on","footnotes":""},"_links":{"self":[{"href":"https:\/\/atmezot.lv\/index.php?rest_route=\/wp\/v2\/pages\/20"}],"collection":[{"href":"https:\/\/atmezot.lv\/index.php?rest_route=\/wp\/v2\/pages"}],"about":[{"href":"https:\/\/atmezot.lv\/index.php?rest_route=\/wp\/v2\/types\/page"}],"author":[{"embeddable":true,"href":"https:\/\/atmezot.lv\/index.php?rest_route=\/wp\/v2\/users\/1"}],"replies":[{"embeddable":true,"href":"https:\/\/atmezot.lv\/index.php?rest_route=%2Fwp%2Fv2%2Fcomments&post=20"}],"version-history":[{"count":53,"href":"https:\/\/atmezot.lv\/index.php?rest_route=\/wp\/v2\/pages\/20\/revisions"}],"predecessor-version":[{"id":484,"href":"https:\/\/atmezot.lv\/index.php?rest_route=\/wp\/v2\/pages\/20\/revisions\/484"}],"wp:attachment":[{"href":"https:\/\/atmezot.lv\/index.php?rest_route=%2Fwp%2Fv2%2Fmedia&parent=20"}],"curies":[{"name":"wp","href":"https:\/\/api.w.org\/{rel}","templated":true}]}}