{"id":19,"date":"2021-04-20T19:31:09","date_gmt":"2021-04-20T19:31:09","guid":{"rendered":"https:\/\/atmezot.lv\/?page_id=19"},"modified":"2026-01-27T17:24:39","modified_gmt":"2026-01-27T17:24:39","slug":"home","status":"publish","type":"page","link":"https:\/\/atmezot.lv\/","title":{"rendered":"Galven\u0101"},"content":{"rendered":"\t\t<div data-elementor-type=\"wp-page\" data-elementor-id=\"19\" class=\"elementor elementor-19\" data-elementor-settings=\"[]\">\n\t\t\t\t\t\t\t<div class=\"elementor-section-wrap\">\n\t\t\t\t\t\t\t<section class=\"elementor-section elementor-top-section elementor-element elementor-element-2371e9d elementor-section-boxed elementor-section-height-default elementor-section-height-default\" data-id=\"2371e9d\" data-element_type=\"section\">\n\t\t\t\t\t\t<div class=\"elementor-container elementor-column-gap-default\">\n\t\t\t\t\t<div class=\"elementor-column elementor-col-100 elementor-top-column elementor-element elementor-element-dfd9db9\" data-id=\"dfd9db9\" data-element_type=\"column\">\n\t\t\t<div class=\"elementor-widget-wrap elementor-element-populated\">\n\t\t\t\t\t\t\t\t<div class=\"elementor-element elementor-element-25a3c81 elementor-grid-1 e-grid-align-right elementor-shape-rounded elementor-widget elementor-widget-social-icons\" data-id=\"25a3c81\" data-element_type=\"widget\" data-widget_type=\"social-icons.default\">\n\t\t\t\t<div class=\"elementor-widget-container\">\n\t\t\t\t\t<div class=\"elementor-social-icons-wrapper elementor-grid\">\n\t\t\t\t\t\t\t<span class=\"elementor-grid-item\">\n\t\t\t\t\t<a class=\"elementor-icon elementor-social-icon elementor-social-icon-facebook elementor-repeater-item-aeb9184\" href=\"https:\/\/www.facebook.com\/atmezot\" target=\"_blank\">\n\t\t\t\t\t\t<span class=\"elementor-screen-only\">Facebook<\/span>\n\t\t\t\t\t\t<i class=\"fab fa-facebook\"><\/i>\t\t\t\t\t<\/a>\n\t\t\t\t<\/span>\n\t\t\t\t\t<\/div>\n\t\t\t\t<\/div>\n\t\t\t\t<\/div>\n\t\t\t\t\t<\/div>\n\t\t<\/div>\n\t\t\t\t\t\t\t<\/div>\n\t\t<\/section>\n\t\t\t\t<section class=\"elementor-section elementor-top-section elementor-element elementor-element-3976e7fd elementor-section-boxed elementor-section-height-default elementor-section-height-default\" data-id=\"3976e7fd\" data-element_type=\"section\">\n\t\t\t\t\t\t<div class=\"elementor-container elementor-column-gap-no\">\n\t\t\t\t\t<div class=\"elementor-column elementor-col-100 elementor-top-column elementor-element elementor-element-624db0e4\" data-id=\"624db0e4\" data-element_type=\"column\">\n\t\t\t<div class=\"elementor-widget-wrap elementor-element-populated\">\n\t\t\t\t\t\t\t\t<div class=\"elementor-element elementor-element-ab08a2e elementor-widget-tablet__width-initial elementor-widget-mobile__width-initial elementor-widget elementor-widget-text-editor\" data-id=\"ab08a2e\" data-element_type=\"widget\" data-widget_type=\"text-editor.default\">\n\t\t\t\t<div class=\"elementor-widget-container\">\n\t\t\t\t\t\t\t<p><!-- wp:cover {\"url\":\"https:\/\/atmezot.lv\/wp-content\/themes\/neve\/assets\/img\/starter-content\/hero.jpg\",\"dimRatio\":0,\"focalPoint\":{\"x\":\"0.50\",\"y\":\"0.64\"},\"minHeight\":700,\"align\":\"full\"} --><\/p>\n<div class=\"wp-block-cover alignfull\" style=\"min-height: 700px;\">\n<div class=\"wp-block-cover__inner-container\">\n<p><!-- wp:spacer {\"height\":200} --><\/p>\n<p><!-- \/wp:spacer --><\/p>\n<h3><!-- wp:heading {\"textAlign\":\"center\",\"level\":1,\"style\":{\"color\":{\"text\":\"#121212\"}}} --><\/h3>\n<h2 style=\"text-align: center;\"><strong><span style=\"color: black; font-family: Poppins, var(--nv-fallback-ff); letter-spacing: 0px; background-color: var(--nv-site-bg);\">Samaziniet izmaksas zemes transform\u0101cijai jeb atme\u017eo\u0161anai l\u012bdz pat 80%&nbsp;<\/span><\/strong><\/h2>\n<h4><span style=\"color: #121212; font-family: var( --e-global-typography-text-font-family ), Sans-serif; letter-spacing: 0px;\"><b>P\u0101rdodam kompens\u0101cijas ties\u012bbas me\u017ea zemes transform\u0101cijai(atme\u017eo\u0161anai). Sagatavojam dokument\u0101ciju me\u017ea zemes transform\u0113\u0161anai par apb\u016bves vai lauksaimniec\u012bbas zemi, veicot to transform\u0101ciju (atme\u017eo\u0161anu), izmantojot sertific\u0113tu kompens\u0101cijas audzi, t\u0101 pal\u012bdzot Jums samazin\u0101t izmaksas l\u012bdz pat 80%.<\/b><\/span><\/h4>\n<h3 class=\"has-text-align-center has-text-color\" style=\"color: #121212;\"><img loading=\"lazy\" decoding=\"async\" class=\"alignnone size-full wp-image-126\" src=\"https:\/\/atmezot.lv\/wp-content\/uploads\/2021\/04\/6-scaled.jpg\" alt=\"\" width=\"2560\" height=\"1707\" srcset=\"https:\/\/atmezot.lv\/wp-content\/uploads\/2021\/04\/6-scaled.jpg 2560w, https:\/\/atmezot.lv\/wp-content\/uploads\/2021\/04\/6-300x200.jpg 300w, https:\/\/atmezot.lv\/wp-content\/uploads\/2021\/04\/6-1024x683.jpg 1024w, https:\/\/atmezot.lv\/wp-content\/uploads\/2021\/04\/6-768x512.jpg 768w, https:\/\/atmezot.lv\/wp-content\/uploads\/2021\/04\/6-1536x1024.jpg 1536w, https:\/\/atmezot.lv\/wp-content\/uploads\/2021\/04\/6-2048x1365.jpg 2048w, https:\/\/atmezot.lv\/wp-content\/uploads\/2021\/04\/6-930x620.jpg 930w\" sizes=\"(max-width: 2560px) 100vw, 2560px\" \/><\/h3>\n<h3><!-- \/wp:heading --><\/h3>\n<h3><!-- wp:paragraph {\"align\":\"center\",\"style\":{\"typography\":{\"fontSize\":17},\"color\":{\"text\":\"#121212\"}}} --><\/h3>\n<div class=\"wp-block-button is-style-primary\">&nbsp;<\/div>\n<p><!-- \/wp:button --><\/p>\n<p><!-- wp:button {\"className\":\"is-style-secondary\"} --><\/p>\n<div class=\"wp-block-button is-style-secondary\">&nbsp;<\/div>\n<\/div>\n<\/div>\n<div class=\"wp-block-columns\">\n<div class=\"wp-block-column\">\n<div class=\"wp-block-image icon-style is-style-default\"><img loading=\"lazy\" decoding=\"async\" class=\"wp-image-67 aligncenter\" src=\"https:\/\/atmezot.lv\/wp-content\/uploads\/2021\/04\/icon-tree-vector-symbol-nature-plant-illustration-design-isolated-leaf-silhouette-background-abstract-forest-green-natural-concept-159754954-2-300x300.jpg\" alt=\"\" width=\"129\" height=\"129\" srcset=\"https:\/\/atmezot.lv\/wp-content\/uploads\/2021\/04\/icon-tree-vector-symbol-nature-plant-illustration-design-isolated-leaf-silhouette-background-abstract-forest-green-natural-concept-159754954-2-300x300.jpg 300w, https:\/\/atmezot.lv\/wp-content\/uploads\/2021\/04\/icon-tree-vector-symbol-nature-plant-illustration-design-isolated-leaf-silhouette-background-abstract-forest-green-natural-concept-159754954-2-150x150.jpg 150w, https:\/\/atmezot.lv\/wp-content\/uploads\/2021\/04\/icon-tree-vector-symbol-nature-plant-illustration-design-isolated-leaf-silhouette-background-abstract-forest-green-natural-concept-159754954-2-768x768.jpg 768w, https:\/\/atmezot.lv\/wp-content\/uploads\/2021\/04\/icon-tree-vector-symbol-nature-plant-illustration-design-isolated-leaf-silhouette-background-abstract-forest-green-natural-concept-159754954-2.jpg 800w\" sizes=\"(max-width: 129px) 100vw, 129px\" \/>&nbsp;<\/div>\n<p><!-- \/wp:image --><\/p>\n<p><!-- wp:heading {\"level\":3,\"textColor\":\"neve-text-color\",\"className\":\"has-text-align-center\"} --><\/p>\n<h3 class=\"has-text-align-center has-neve-text-color-color has-text-color\">Atme\u017eo\u0161ana jeb zemes transform\u0101cija<\/h3>\n<p><!-- \/wp:heading --><\/p>\n<p><!-- wp:paragraph {\"align\":\"center\"} --><\/p>\n<p class=\"has-text-align-center\">Samaziniet izmaksas un laiku, izmantojot jau m\u016bsu ieaudz\u0113t\u0101s plat\u012bbas k\u0101 kompens\u0101cijas audzi.<\/p>\n<p><!-- \/wp:paragraph --><\/p>\n<p><!-- wp:spacer {\"height\":20} --><\/p>\n<p><!-- \/wp:spacer --><\/p>\n<\/div>\n<p><!-- \/wp:column --><\/p>\n<p><!-- wp:column --><\/p>\n<div class=\"wp-block-column\">\n<p><!-- wp:image {\"align\":\"center\",\"width\":48,\"height\":48,\"className\":\"icon-style is-style-default\"} --><\/p>\n<div class=\"wp-block-image icon-style is-style-default\">\n<figure class=\"aligncenter is-resized\"><img loading=\"lazy\" decoding=\"async\" class=\"wp-image-71 aligncenter\" src=\"https:\/\/atmezot.lv\/wp-content\/uploads\/2021\/04\/istockphoto-1075024354-612x612-3-300x300.jpg\" alt=\"\" width=\"115\" height=\"115\"><\/figure>\n<p>&nbsp;<\/p>\n<\/div>\n<p><!-- \/wp:image --><\/p>\n<p><!-- wp:heading {\"level\":3,\"textColor\":\"neve-text-color\",\"className\":\"has-text-align-center\"} --><\/p>\n<h3 class=\"has-text-align-center has-neve-text-color-color has-text-color\">Teritorijas uzm\u0113r\u012b\u0161ana<\/h3>\n<p><!-- \/wp:heading --><\/p>\n<p><!-- wp:paragraph {\"align\":\"center\"} --><\/p>\n<p class=\"has-text-align-center\">Sertific\u0113ts m\u0113rnieks veiks atme\u017eojam\u0101s da\u013cas plat\u012bbas uzm\u0113r\u012bjumus.<\/p>\n<p><!-- \/wp:paragraph --><\/p>\n<p><!-- wp:spacer {\"height\":20} --><\/p>\n<div class=\"wp-block-spacer\" style=\"height: 20px;\" aria-hidden=\"true\">&nbsp;<\/div>\n<p><!-- \/wp:spacer --><\/p>\n<\/div>\n<p><!-- \/wp:column --><\/p>\n<p><!-- wp:column --><\/p>\n<div class=\"wp-block-column\">\n<p><!-- wp:image {\"align\":\"center\",\"width\":48,\"height\":48,\"className\":\"icon-style is-style-rounded\"} --><\/p>\n<div class=\"wp-block-image icon-style is-style-rounded\">\n<figure class=\"aligncenter is-resized\"><img loading=\"lazy\" decoding=\"async\" class=\"alignnone wp-image-76\" src=\"https:\/\/atmezot.lv\/wp-content\/uploads\/2021\/04\/images-e1618983000221.jpeg\" alt=\"\" width=\"126\" height=\"126\"><\/figure>\n<\/div>\n<p><!-- \/wp:image --><\/p>\n<p><!-- wp:heading {\"level\":3,\"textColor\":\"neve-text-color\",\"className\":\"has-text-align-center\"} --><\/p>\n<h3 class=\"has-text-align-center has-neve-text-color-color has-text-color\">Me\u017ea att\u012br\u012b\u0161ana<\/h3>\n<p><!-- \/wp:heading --><\/p>\n<p><!-- wp:paragraph {\"align\":\"center\"} --><\/p>\n<p class=\"has-text-align-center\">Izz\u0101\u0123\u0113sim un att\u012brisim Jums vajadz\u012bgo plat\u012bbu, lai var\u0113tu to izmantot b\u016bvniec\u012bbai vai lauksaimniec\u012bbai.<\/p>\n<p><!-- \/wp:paragraph --><\/p>\n<p><!-- wp:spacer {\"height\":20} --><\/p>\n<div class=\"wp-block-spacer\" style=\"height: 20px;\" aria-hidden=\"true\">&nbsp;<\/div>\n<p><!-- \/wp:spacer --><\/p>\n<\/div>\n<p><!-- \/wp:column --><\/p>\n<\/div>\n<p><!-- \/wp:columns --><\/p>\n<p><!-- wp:spacer {\"height\":80} --><\/p>\n<div class=\"wp-block-spacer\" style=\"height: 80px;\" aria-hidden=\"true\">&nbsp;<\/div>\n<p><!-- \/wp:spacer --><\/p>\n<p><!-- wp:cover {\"overlayColor\":\"nv-light-bg\",\"minHeight\":600,\"align\":\"full\"} --><\/p>\n<div class=\"wp-block-cover alignfull has-nv-light-bg-background-color has-background-dim\" style=\"min-height: 600px;\">\n<div class=\"wp-block-cover__inner-container\">\n<p><!-- wp:group --><\/p>\n<div class=\"wp-block-group\">\n<div class=\"wp-block-group__inner-container\">\n<p><!-- wp:spacer {\"height\":80} --><\/p>\n<div class=\"wp-block-spacer\" style=\"height: 80px;\" aria-hidden=\"true\">s&nbsp;<\/div>\n<p><!-- \/wp:spacer --><\/p>\n<p><!-- wp:columns {\"verticalAlignment\":\"center\"} --><\/p>\n<div class=\"wp-block-columns are-vertically-aligned-center\">\n<p><!-- wp:column {\"verticalAlignment\":\"center\",\"width\":\"50%\"} --><\/p>\n<div class=\"wp-block-column is-vertically-aligned-center\" style=\"flex-basis: 50%;\">\n<p><!-- wp:image --><\/p>\n<figure class=\"wp-block-image\"><img loading=\"lazy\" decoding=\"async\" class=\"alignnone size-full wp-image-49\" src=\"https:\/\/atmezot.lv\/wp-content\/uploads\/2021\/04\/IMG_5890-scaled.jpg\" alt=\"\" width=\"2560\" height=\"1920\" srcset=\"https:\/\/atmezot.lv\/wp-content\/uploads\/2021\/04\/IMG_5890-scaled.jpg 2560w, https:\/\/atmezot.lv\/wp-content\/uploads\/2021\/04\/IMG_5890-300x225.jpg 300w, https:\/\/atmezot.lv\/wp-content\/uploads\/2021\/04\/IMG_5890-1024x768.jpg 1024w, https:\/\/atmezot.lv\/wp-content\/uploads\/2021\/04\/IMG_5890-768x576.jpg 768w, https:\/\/atmezot.lv\/wp-content\/uploads\/2021\/04\/IMG_5890-1536x1152.jpg 1536w, https:\/\/atmezot.lv\/wp-content\/uploads\/2021\/04\/IMG_5890-2048x1536.jpg 2048w\" sizes=\"(max-width: 2560px) 100vw, 2560px\" \/><\/figure>\n<p><!-- \/wp:image --><\/p>\n<\/div>\n<p><!-- \/wp:column --><\/p>\n<p><!-- wp:column {\"verticalAlignment\":\"center\",\"width\":\"50%\"} --><\/p>\n<div class=\"wp-block-column is-vertically-aligned-center\" style=\"flex-basis: 50%;\">\n<p><!-- wp:spacer {\"height\":20} --><\/p>\n<div class=\"wp-block-spacer\" style=\"height: 20px;\" aria-hidden=\"true\">&nbsp;<\/div>\n<p><!-- \/wp:spacer --><\/p>\n<p><!-- wp:heading {\"textAlign\":\"left\",\"textColor\":\"neve-text-color\"} --><\/p>\n<h2 class=\"has-text-align-left has-neve-text-color-color has-text-color\">&nbsp;Kompens\u0113jam\u0101s &nbsp; &nbsp; &nbsp; &nbsp;zemes plat\u012bbas<\/h2>\n<p><!-- \/wp:heading --><\/p>\n<p><!-- wp:paragraph {\"align\":\"left\",\"style\":{\"typography\":{\"fontSize\":17}},\"textColor\":\"neve-text-color\"} --><\/p>\n<p class=\"has-text-align-left has-neve-text-color-color has-text-color\" style=\"font-size: 17px;\">Atme\u017eo\u0161ana &#8211; Valsts me\u017ea dienests nosaka, ka plat\u012bbu, ko atme\u017eo, vajag kompens\u0113t.&nbsp;Likums at\u013cauj&nbsp;ieg\u0101d\u0101ties kompens\u0101cijas ties\u012bbas &#8211; me\u017ea zemes transform\u0101cijai uz apb\u016bves un lauksaimniec\u012bbas zemi. Samaziniet izmaksas, pl\u0101nojot b\u016bvniec\u012bbu vai lauksaimniec\u012bbas zemes ier\u012bko\u0161anu me\u017ea zem\u0113s, pils\u0113tas me\u017eos, \u016bdens aizsargjosl\u0101s,&nbsp;Baltijas j\u016bras un R\u012bgas j\u016bras l\u012b\u010da piekrastes krasta k\u0101pu aizsargjosl\u0101<\/p>\n<div class=\"wp-block-buttons is-content-justification-left\">\n<p><!-- \/wp:button --><\/p>\n<\/div>\n<p><!-- \/wp:buttons --><\/p>\n<\/div>\n<p><!-- \/wp:column --><\/p>\n<\/div>\n<p><!-- \/wp:columns --><\/p>\n<p><!-- wp:spacer {\"height\":40} --><\/p>\n<div class=\"wp-block-spacer\" style=\"height: 40px;\" aria-hidden=\"true\">&nbsp;<\/div>\n<p><!-- \/wp:spacer --><\/p>\n<\/div>\n<\/div>\n<p><!-- \/wp:group --><\/p>\n<\/div>\n<\/div>\n<p><!-- \/wp:cover --><\/p>\n<p><!-- wp:cover {\"overlayColor\":\"nv-site-bg\",\"minHeight\":600,\"align\":\"full\"} --><\/p>\n<div class=\"wp-block-cover alignfull has-nv-site-bg-background-color has-background-dim\" style=\"min-height: 600px;\">\n<div class=\"wp-block-cover__inner-container\">\n<p><!-- wp:group --><\/p>\n<div class=\"wp-block-group\">\n<div class=\"wp-block-group__inner-container\">\n<p><!-- wp:spacer {\"height\":80} --><\/p>\n<div class=\"wp-block-spacer\" style=\"height: 80px;\" aria-hidden=\"true\">&nbsp;<\/div>\n<p><!-- \/wp:spacer --><\/p>\n<p><!-- wp:columns {\"verticalAlignment\":\"center\"} --><\/p>\n<div class=\"wp-block-columns are-vertically-aligned-center\">\n<p><!-- wp:column {\"verticalAlignment\":\"center\",\"width\":\"50%\"} --><\/p>\n<div class=\"wp-block-column is-vertically-aligned-center\" style=\"flex-basis: 50%;\">\n<p><!-- wp:heading {\"textAlign\":\"left\",\"textColor\":\"neve-text-color\"} --><\/p>\n<h2 class=\"has-text-align-left has-neve-text-color-color has-text-color\">Apme\u017eo\u0161ana<\/h2>\n<p><!-- \/wp:heading --><\/p>\n<p><!-- wp:paragraph {\"align\":\"left\",\"style\":{\"typography\":{\"fontSize\":17}},\"textColor\":\"neve-text-color\"} --><\/p>\n<p class=\"has-text-align-left has-neve-text-color-color has-text-color\" style=\"font-size: 17px;\">\u012apa\u0161um\u0101 eso\u0161\u0101s apme\u017eot\u0101s zemes dod iesp\u0113ju t\u0101s izmantot tre\u0161o personu me\u017ea zemju atme\u017eo\u0161anai un kompens\u0101cijas ties\u012bbu nodo\u0161anai, ko nosaka noteikumi par atme\u017eo\u0161anas kompens\u0101cijas noteik\u0161anas krit\u0113rijiem, apr\u0113\u0137in\u0101\u0161anas un atl\u012bdzin\u0101\u0161anas k\u0101rt\u012bbu. \u0160\u0101diem m\u0113r\u0137iem, kuri defin\u0113ti me\u017ea likuma 41. panta pirmaj\u0101 da\u013c\u0101, likumdev\u0113js ir defin\u0113jis gad\u012bjumus, kad me\u017ea plat\u012bbu atme\u017eo, ja tas nepiecie\u0161ams:<\/p>\n<ul>\n<li class=\"has-text-align-left has-neve-text-color-color has-text-color\" style=\"font-size: 17px;\">b\u016bvniec\u012bbai,&nbsp;<\/li>\n<li class=\"has-text-align-left has-neve-text-color-color has-text-color\" style=\"font-size: 17px;\">der\u012bgo izrakte\u0146u ieguvei,<\/li>\n<li class=\"has-text-align-left has-neve-text-color-color has-text-color\" style=\"font-size: 17px;\">lauksaimniec\u012bb\u0101 izmantojam\u0101s zemes ier\u012bko\u0161anai,<\/li>\n<li class=\"has-text-align-left has-neve-text-color-color has-text-color\" style=\"font-size: 17px;\">\u012bpa\u0161i aizsarg\u0101jamo biotopu atjauno\u0161anai,<\/li>\n<li class=\"has-text-align-left has-neve-text-color-color has-text-color\" style=\"font-size: 17px;\">valsts sauszemes teritorijas aizsardz\u012bbas un neaizskaram\u012bbas nodro\u0161in\u0101\u0161anai vai valsts apdraud\u0113juma situ\u0101cijas nov\u0113r\u0161anai milit\u0101rajos objektos un to aizsargjosl\u0101s,<\/li>\n<li class=\"has-text-align-left has-neve-text-color-color has-text-color\" style=\"font-size: 17px;\"><span style=\"font-size: 16px;\">ja personai ir izdots kompetentas instit\u016bcijas administrat\u012bvais akts, kas tai pie\u0161\u0137ir ties\u012bbas veikt min\u0113t\u0101s darb\u012bbas, un persona ir kompens\u0113jusi valstij ar atme\u017eo\u0161anas izrais\u012bto negat\u012bvo seku nov\u0113r\u0161anu saist\u012btos izdevumus (kompens\u0101cija).<\/span><\/li>\n<\/ul>\n<div class=\"wp-block-buttons is-content-justification-left\">\n<div class=\"wp-block-button is-style-primary\">&nbsp;<\/div>\n<p><!-- \/wp:button --><\/p>\n<\/div>\n<p><!-- \/wp:buttons --><\/p>\n<p><!-- wp:spacer {\"height\":40} --><\/p>\n<div class=\"wp-block-spacer\" style=\"height: 40px;\" aria-hidden=\"true\">&nbsp;<\/div>\n<p><!-- \/wp:spacer --><\/p>\n<\/div>\n<p><!-- \/wp:column --><\/p>\n<p><!-- wp:column {\"verticalAlignment\":\"center\",\"width\":\"50%\"} --><\/p>\n<div class=\"wp-block-column is-vertically-aligned-center\" style=\"flex-basis: 50%;\">\n<p><!-- wp:image --><\/p>\n<figure class=\"wp-block-image\"><img loading=\"lazy\" decoding=\"async\" class=\"alignnone size-full wp-image-87\" src=\"https:\/\/atmezot.lv\/wp-content\/uploads\/2021\/04\/IMG_5868-scaled.jpg\" alt=\"\" width=\"1530\" height=\"2560\" srcset=\"https:\/\/atmezot.lv\/wp-content\/uploads\/2021\/04\/IMG_5868-scaled.jpg 1530w, https:\/\/atmezot.lv\/wp-content\/uploads\/2021\/04\/IMG_5868-179x300.jpg 179w, https:\/\/atmezot.lv\/wp-content\/uploads\/2021\/04\/IMG_5868-612x1024.jpg 612w, https:\/\/atmezot.lv\/wp-content\/uploads\/2021\/04\/IMG_5868-768x1285.jpg 768w, https:\/\/atmezot.lv\/wp-content\/uploads\/2021\/04\/IMG_5868-918x1536.jpg 918w, https:\/\/atmezot.lv\/wp-content\/uploads\/2021\/04\/IMG_5868-1224x2048.jpg 1224w\" sizes=\"(max-width: 1530px) 100vw, 1530px\" \/><\/figure>\n<p><!-- \/wp:image --><\/p>\n<\/div>\n<p><!-- \/wp:column --><\/p>\n<\/div>\n<p><!-- \/wp:columns --><\/p>\n<p><!-- wp:spacer {\"height\":40} --><\/p>\n<div class=\"wp-block-spacer\" style=\"height: 40px;\" aria-hidden=\"true\">&nbsp;<\/div>\n<p><!-- \/wp:spacer --><\/p>\n<\/div>\n<\/div>\n<p><!-- \/wp:group --><\/p>\n<\/div>\n<\/div>\n<p><!-- \/wp:cover --><\/p>\n<p><!-- wp:cover {\"overlayColor\":\"nv-dark-bg\",\"minHeight\":600,\"align\":\"full\"} --><\/p>\n<div class=\"wp-block-cover alignfull has-nv-dark-bg-background-color has-background-dim\" style=\"min-height: 600px;\">\n<div class=\"wp-block-cover__inner-container\">\n<p><!-- wp:group --><\/p>\n<div class=\"wp-block-group\">\n<div class=\"wp-block-group__inner-container\">\n<p><!-- wp:spacer {\"height\":80} --><\/p>\n<div class=\"wp-block-columns are-vertically-aligned-center\">\n<div class=\"wp-block-column is-vertically-aligned-center\" style=\"flex-basis: 50%;\">\n<h2><img loading=\"lazy\" decoding=\"async\" class=\"alignnone size-full wp-image-173\" src=\"https:\/\/atmezot.lv\/wp-content\/uploads\/2021\/04\/360_F_330336868_GjxLQuv1vQVLIFlFFnDMgtsszd5F2SF8.jpg\" alt=\"\" width=\"544\" height=\"360\" srcset=\"https:\/\/atmezot.lv\/wp-content\/uploads\/2021\/04\/360_F_330336868_GjxLQuv1vQVLIFlFFnDMgtsszd5F2SF8.jpg 544w, https:\/\/atmezot.lv\/wp-content\/uploads\/2021\/04\/360_F_330336868_GjxLQuv1vQVLIFlFFnDMgtsszd5F2SF8-300x199.jpg 300w\" sizes=\"(max-width: 544px) 100vw, 544px\" \/>Atme\u017eo\u0161ana<\/h2>\n<div>Var atme\u017eot zemes gabalu<span style=\"font-size: 17px;\">, kuras oglek\u013ca dioks\u012bda piesaistes potenci\u0101la samazin\u0101\u0161anos kompens\u0113 ar me\u017ea ieaudz\u0113\u0161anu un kurai saska\u0146\u0101 ar \u0161o noteikumu pielikumu koeficients&nbsp;<\/span><\/div>\n<div><span style=\"font-size: 17px;\">K1 = 1 (nav me\u017esaimniecisk\u0101s darb\u012bbas aprobe\u017eojumu), kompens\u0101cijas apm\u0113ru apr\u0113\u0137ina, izmantojot \u0161\u0101du formulu:<\/span><\/div>\n<div><span style=\"font-size: 17px;\">Z = S x B1 x K2, kur<\/span><\/div>\n<div>Z \u2013 kompens\u0101cijas apm\u0113rs (euro);<\/div>\n<div>S \u2013 atme\u017eojam\u0101 plat\u012bba (ha);<\/div>\n<div>B1 \u2013 konstanta v\u0113rt\u012bba (142,29 euro) par hekt\u0101ra atme\u017eo\u0161anu (euro\/ha);<\/div>\n<div>\n<p>K2 \u2013 koeficients atkar\u012bb\u0101 no atme\u017eo\u0161anas m\u0113r\u0137a.<\/p>\n<p>(Groz\u012bts ar MK 27.08.2013. noteikumiem Nr.698)<\/p>\n<p><!-- \/wp:paragraph --><\/p>\n<p><!-- wp:buttons {\"contentJustification\":\"left\"} --><\/p>\n<div class=\"wp-block-buttons is-content-justification-left\">\n<p><!-- wp:button {\"className\":\"is-style-primary\"} --><\/p>\n<div class=\"wp-block-button is-style-primary\">&nbsp;<\/div>\n<\/div>\n<\/div>\n<p><!-- \/wp:spacer --><\/p>\n<p><!-- wp:heading {\"textAlign\":\"left\",\"textColor\":\"nv-text-dark-bg\"} --><\/p>\n<\/div>\n<\/div>\n<\/div>\n<\/div>\n<\/div>\n<\/div>\n<div class=\"wp-block-cover alignfull has-nv-dark-bg-background-color has-background-dim\" style=\"min-height: 300px;\">\n<div class=\"wp-block-cover__inner-container\">\n<div class=\"wp-block-buttons is-content-justification-center\">\n<div class=\"wp-block-button is-style-primary\">\n<h2 class=\"has-text-align-left has-neve-text-color-color has-text-color\">Apme\u017eo\u0161ana<\/h2>\n<p><!-- \/wp:heading --><\/p>\n<p><!-- wp:paragraph {\"align\":\"left\",\"style\":{\"typography\":{\"fontSize\":17}},\"textColor\":\"neve-text-color\"} --><\/p>\n<p class=\"has-text-align-left has-neve-text-color-color has-text-color\" style=\"font-size: 17px;\">\u012apa\u0161um\u0101 eso\u0161\u0101s apme\u017eot\u0101s zemes dod iesp\u0113ju t\u0101s izmantot tre\u0161o personu me\u017ea zemju atme\u017eo\u0161anai un kompens\u0101cijas ties\u012bbu nodo\u0161anai. Ko nosaka noteikumi par atme\u017eo\u0161anas kompens\u0101cijas noteik\u0161anas krit\u0113rijiem, apr\u0113\u0137in\u0101\u0161anas un atl\u012bdzin\u0101\u0161anas k\u0101rt\u012bbu.&nbsp;<\/p>\n<\/div>\n<p><!-- \/wp:button --><\/p>\n<\/div>\n<p><!-- \/wp:buttons --><\/p>\n<p><!-- wp:spacer {\"height\":140} --><\/p>\n<div class=\"wp-block-spacer\" style=\"height: 140px;\" aria-hidden=\"true\">&nbsp;<\/div>\n<p><!-- \/wp:spacer --><\/p>\n<\/div>\n<\/div>\n<p><!-- \/wp:cover --><\/p>\n<p>&nbsp;<\/p>\t\t\t\t\t\t<\/div>\n\t\t\t\t<\/div>\n\t\t\t\t\t<\/div>\n\t\t<\/div>\n\t\t\t\t\t\t\t<\/div>\n\t\t<\/section>\n\t\t\t\t\t\t<\/div>\n\t\t\t\t\t<\/div>\n\t\t","protected":false},"excerpt":{"rendered":"<p>Facebook Teritorijas uzm\u0113r\u012b\u0161ana Sertific\u0113ts m\u0113rnieks veiks atme\u017eojam\u0101s da\u013cas plat\u012bbas uzm\u0113r\u012bjumus. Me\u017ea att\u012br\u012b\u0161ana Izz\u0101\u0123\u0113sim un att\u012brisim Jums vajadz\u012bgo plat\u012bbu, lai var\u0113tu to izmantot b\u016bvniec\u012bbai vai lauksaimniec\u012bbai. &nbsp; s&nbsp; &nbsp; &nbsp;Kompens\u0113jam\u0101s &nbsp; &nbsp; &nbsp; &nbsp;zemes plat\u012bbas Atme\u017eo\u0161ana &#8211; Valsts me\u017ea dienests nosaka, ka plat\u012bbu, ko atme\u017eo, vajag kompens\u0113t.&nbsp;Likums at\u013cauj&nbsp;ieg\u0101d\u0101ties kompens\u0101cijas ties\u012bbas &#8211; me\u017ea zemes transform\u0101cijai uz apb\u016bves&hellip;&nbsp;<a href=\"https:\/\/atmezot.lv\/\" class=\"\" rel=\"bookmark\">Read More &raquo;<span class=\"screen-reader-text\">Galven\u0101<\/span><\/a><\/p>\n","protected":false},"author":1,"featured_media":0,"parent":0,"menu_order":0,"comment_status":"closed","ping_status":"closed","template":"","meta":{"neve_meta_sidebar":"","neve_meta_container":"","neve_meta_enable_content_width":"on","neve_meta_content_width":100,"neve_meta_title_alignment":"","neve_meta_author_avatar":"","neve_post_elements_order":"","neve_meta_disable_header":"","neve_meta_disable_footer":"","neve_meta_disable_title":"on","footnotes":""},"_links":{"self":[{"href":"https:\/\/atmezot.lv\/index.php?rest_route=\/wp\/v2\/pages\/19"}],"collection":[{"href":"https:\/\/atmezot.lv\/index.php?rest_route=\/wp\/v2\/pages"}],"about":[{"href":"https:\/\/atmezot.lv\/index.php?rest_route=\/wp\/v2\/types\/page"}],"author":[{"embeddable":true,"href":"https:\/\/atmezot.lv\/index.php?rest_route=\/wp\/v2\/users\/1"}],"replies":[{"embeddable":true,"href":"https:\/\/atmezot.lv\/index.php?rest_route=%2Fwp%2Fv2%2Fcomments&post=19"}],"version-history":[{"count":263,"href":"https:\/\/atmezot.lv\/index.php?rest_route=\/wp\/v2\/pages\/19\/revisions"}],"predecessor-version":[{"id":547,"href":"https:\/\/atmezot.lv\/index.php?rest_route=\/wp\/v2\/pages\/19\/revisions\/547"}],"wp:attachment":[{"href":"https:\/\/atmezot.lv\/index.php?rest_route=%2Fwp%2Fv2%2Fmedia&parent=19"}],"curies":[{"name":"wp","href":"https:\/\/api.w.org\/{rel}","templated":true}]}}